{"id":21,"date":"2025-04-20T17:52:04","date_gmt":"2025-04-20T17:52:04","guid":{"rendered":"https:\/\/www.sluchamhistorii.pl\/?page_id=21"},"modified":"2026-02-22T23:45:56","modified_gmt":"2026-02-22T23:45:56","slug":"piatek-z-historia-na-roztoczu","status":"publish","type":"page","link":"https:\/\/www.sluchamhistorii.pl\/?page_id=21","title":{"rendered":"Pi\u0105tek z Histori\u0105 na Roztoczu"},"content":{"rendered":"\n<figure class=\"wp-block-embed is-type-wp-embed is-provider-s-ucham-historii wp-block-embed-s-ucham-historii\"><div class=\"wp-block-embed__wrapper\">\n<blockquote class=\"wp-embedded-content\" data-secret=\"ipOsdTsOfs\"><a href=\"https:\/\/www.sluchamhistorii.pl\/?p=111\">CZY ROZTOCZE JEST FOTOGENICZNE?<\/a><\/blockquote><iframe loading=\"lazy\" class=\"wp-embedded-content\" sandbox=\"allow-scripts\" security=\"restricted\" style=\"position: absolute; visibility: hidden;\" title=\"&#8222;CZY ROZTOCZE JEST FOTOGENICZNE?&#8221; &#8212; S\u0142ucham Historii\" src=\"https:\/\/www.sluchamhistorii.pl\/?p=111&#038;embed=true#?secret=jQHBLfYCz8#?secret=ipOsdTsOfs\" data-secret=\"ipOsdTsOfs\" width=\"600\" height=\"338\" frameborder=\"0\" marginwidth=\"0\" marginheight=\"0\" scrolling=\"no\"><\/iframe>\n<\/div><\/figure>\n\n\n\n<figure class=\"wp-block-embed is-type-wp-embed is-provider-s-ucham-historii wp-block-embed-s-ucham-historii\"><div class=\"wp-block-embed__wrapper\">\n<blockquote class=\"wp-embedded-content\" data-secret=\"9AdTzNRxx8\"><a href=\"https:\/\/www.sluchamhistorii.pl\/?p=100\">ARCHIDIECEZJA LWOWSKA (HALICKA) 1375-2025 650 &#8211; LECIE ISTNIENIA<\/a><\/blockquote><iframe loading=\"lazy\" class=\"wp-embedded-content\" sandbox=\"allow-scripts\" security=\"restricted\" style=\"position: absolute; visibility: hidden;\" title=\"&#8222;ARCHIDIECEZJA LWOWSKA (HALICKA) 1375-2025 650 &#8211; LECIE ISTNIENIA&#8221; &#8212; S\u0142ucham Historii\" src=\"https:\/\/www.sluchamhistorii.pl\/?p=100&#038;embed=true#?secret=dtAthDet6X#?secret=9AdTzNRxx8\" data-secret=\"9AdTzNRxx8\" width=\"600\" height=\"338\" frameborder=\"0\" marginwidth=\"0\" marginheight=\"0\" scrolling=\"no\"><\/iframe>\n<\/div><\/figure>\n\n\n\n<figure class=\"wp-block-embed is-type-wp-embed is-provider-s-ucham-historii wp-block-embed-s-ucham-historii\"><div class=\"wp-block-embed__wrapper\">\n<blockquote class=\"wp-embedded-content\" data-secret=\"3H8e5HqFCu\"><a href=\"https:\/\/www.sluchamhistorii.pl\/?p=89\">Z\u0141OTE JAB\u0141KO ARCHEOLOGII &#8211; CZERMNO\/CZERWIE\u0143 &#8211; WIELKI TEMAT DO ODKRYCIA. BY\u0106 BLI\u017bEJ HISTORII.<\/a><\/blockquote><iframe loading=\"lazy\" class=\"wp-embedded-content\" sandbox=\"allow-scripts\" security=\"restricted\" style=\"position: absolute; visibility: hidden;\" title=\"&#8222;Z\u0141OTE JAB\u0141KO ARCHEOLOGII &#8211; CZERMNO\/CZERWIE\u0143 &#8211; WIELKI TEMAT DO ODKRYCIA. BY\u0106 BLI\u017bEJ HISTORII.&#8221; &#8212; S\u0142ucham Historii\" src=\"https:\/\/www.sluchamhistorii.pl\/?p=89&#038;embed=true#?secret=jqDL3TN4YM#?secret=3H8e5HqFCu\" data-secret=\"3H8e5HqFCu\" width=\"600\" height=\"338\" frameborder=\"0\" marginwidth=\"0\" marginheight=\"0\" scrolling=\"no\"><\/iframe>\n<\/div><\/figure>\n\n\n\n<figure class=\"wp-block-embed is-type-wp-embed is-provider-s-ucham-historii wp-block-embed-s-ucham-historii\"><div class=\"wp-block-embed__wrapper\">\n<blockquote class=\"wp-embedded-content\" data-secret=\"EVcwxk4JkO\"><a href=\"https:\/\/www.sluchamhistorii.pl\/?p=61\">OCALI\u0106 OD ZAPOMNIENIA<\/a><\/blockquote><iframe loading=\"lazy\" class=\"wp-embedded-content\" sandbox=\"allow-scripts\" security=\"restricted\" style=\"position: absolute; visibility: hidden;\" title=\"&#8222;OCALI\u0106 OD ZAPOMNIENIA&#8221; &#8212; S\u0142ucham Historii\" src=\"https:\/\/www.sluchamhistorii.pl\/?p=61&#038;embed=true#?secret=IagggdMv4S#?secret=EVcwxk4JkO\" data-secret=\"EVcwxk4JkO\" width=\"600\" height=\"338\" frameborder=\"0\" marginwidth=\"0\" marginheight=\"0\" scrolling=\"no\"><\/iframe>\n<\/div><\/figure>\n","protected":false},"excerpt":{"rendered":"","protected":false},"author":1,"featured_media":0,"parent":0,"menu_order":0,"comment_status":"closed","ping_status":"closed","template":"","meta":{"footnotes":""},"class_list":["post-21","page","type-page","status-publish","hentry"],"yoast_head":"<!-- This site is optimized with the Yoast SEO plugin v27.4 - https:\/\/yoast.com\/product\/yoast-seo-wordpress\/ -->\n<title>Pi\u0105tek z Histori\u0105 na Roztoczu - S\u0142ucham Historii<\/title>\n<meta name=\"robots\" content=\"index, follow, max-snippet:-1, max-image-preview:large, max-video-preview:-1\" \/>\n<link rel=\"canonical\" href=\"https:\/\/www.sluchamhistorii.pl\/?page_id=21\" \/>\n<meta property=\"og:locale\" content=\"pl_PL\" \/>\n<meta property=\"og:type\" content=\"article\" \/>\n<meta property=\"og:title\" content=\"Pi\u0105tek z Histori\u0105 na Roztoczu - S\u0142ucham Historii\" \/>\n<meta property=\"og:url\" content=\"https:\/\/www.sluchamhistorii.pl\/?page_id=21\" \/>\n<meta property=\"og:site_name\" content=\"S\u0142ucham Historii\" \/>\n<meta property=\"article:modified_time\" content=\"2026-02-22T23:45:56+00:00\" \/>\n<meta name=\"twitter:card\" content=\"summary_large_image\" \/>\n<meta name=\"twitter:label1\" content=\"Szacowany czas czytania\" \/>\n\t<meta name=\"twitter:data1\" content=\"1 minuta\" \/>\n<script type=\"application\/ld+json\" class=\"yoast-schema-graph\">{\"@context\":\"https:\\\/\\\/schema.org\",\"@graph\":[{\"@type\":\"WebPage\",\"@id\":\"https:\\\/\\\/www.sluchamhistorii.pl\\\/?page_id=21\",\"url\":\"https:\\\/\\\/www.sluchamhistorii.pl\\\/?page_id=21\",\"name\":\"Pi\u0105tek z Histori\u0105 na Roztoczu - S\u0142ucham Historii\",\"isPartOf\":{\"@id\":\"https:\\\/\\\/www.sluchamhistorii.pl\\\/#website\"},\"datePublished\":\"2025-04-20T17:52:04+00:00\",\"dateModified\":\"2026-02-22T23:45:56+00:00\",\"breadcrumb\":{\"@id\":\"https:\\\/\\\/www.sluchamhistorii.pl\\\/?page_id=21#breadcrumb\"},\"inLanguage\":\"pl-PL\",\"potentialAction\":[{\"@type\":\"ReadAction\",\"target\":[\"https:\\\/\\\/www.sluchamhistorii.pl\\\/?page_id=21\"]}]},{\"@type\":\"BreadcrumbList\",\"@id\":\"https:\\\/\\\/www.sluchamhistorii.pl\\\/?page_id=21#breadcrumb\",\"itemListElement\":[{\"@type\":\"ListItem\",\"position\":1,\"name\":\"Strona g\u0142\u00f3wna\",\"item\":\"https:\\\/\\\/www.sluchamhistorii.pl\\\/\"},{\"@type\":\"ListItem\",\"position\":2,\"name\":\"Pi\u0105tek z Histori\u0105 na Roztoczu\"}]},{\"@type\":\"WebSite\",\"@id\":\"https:\\\/\\\/www.sluchamhistorii.pl\\\/#website\",\"url\":\"https:\\\/\\\/www.sluchamhistorii.pl\\\/\",\"name\":\"S\u0142ucham Historii\",\"description\":\"Blog historyczny\",\"potentialAction\":[{\"@type\":\"SearchAction\",\"target\":{\"@type\":\"EntryPoint\",\"urlTemplate\":\"https:\\\/\\\/www.sluchamhistorii.pl\\\/?s={search_term_string}\"},\"query-input\":{\"@type\":\"PropertyValueSpecification\",\"valueRequired\":true,\"valueName\":\"search_term_string\"}}],\"inLanguage\":\"pl-PL\"}]}<\/script>\n<!-- \/ Yoast SEO plugin. -->","yoast_head_json":{"title":"Pi\u0105tek z Histori\u0105 na Roztoczu - S\u0142ucham Historii","robots":{"index":"index","follow":"follow","max-snippet":"max-snippet:-1","max-image-preview":"max-image-preview:large","max-video-preview":"max-video-preview:-1"},"canonical":"https:\/\/www.sluchamhistorii.pl\/?page_id=21","og_locale":"pl_PL","og_type":"article","og_title":"Pi\u0105tek z Histori\u0105 na Roztoczu - S\u0142ucham Historii","og_url":"https:\/\/www.sluchamhistorii.pl\/?page_id=21","og_site_name":"S\u0142ucham Historii","article_modified_time":"2026-02-22T23:45:56+00:00","twitter_card":"summary_large_image","twitter_misc":{"Szacowany czas czytania":"1 minuta"},"schema":{"@context":"https:\/\/schema.org","@graph":[{"@type":"WebPage","@id":"https:\/\/www.sluchamhistorii.pl\/?page_id=21","url":"https:\/\/www.sluchamhistorii.pl\/?page_id=21","name":"Pi\u0105tek z Histori\u0105 na Roztoczu - S\u0142ucham Historii","isPartOf":{"@id":"https:\/\/www.sluchamhistorii.pl\/#website"},"datePublished":"2025-04-20T17:52:04+00:00","dateModified":"2026-02-22T23:45:56+00:00","breadcrumb":{"@id":"https:\/\/www.sluchamhistorii.pl\/?page_id=21#breadcrumb"},"inLanguage":"pl-PL","potentialAction":[{"@type":"ReadAction","target":["https:\/\/www.sluchamhistorii.pl\/?page_id=21"]}]},{"@type":"BreadcrumbList","@id":"https:\/\/www.sluchamhistorii.pl\/?page_id=21#breadcrumb","itemListElement":[{"@type":"ListItem","position":1,"name":"Strona g\u0142\u00f3wna","item":"https:\/\/www.sluchamhistorii.pl\/"},{"@type":"ListItem","position":2,"name":"Pi\u0105tek z Histori\u0105 na Roztoczu"}]},{"@type":"WebSite","@id":"https:\/\/www.sluchamhistorii.pl\/#website","url":"https:\/\/www.sluchamhistorii.pl\/","name":"S\u0142ucham Historii","description":"Blog historyczny","potentialAction":[{"@type":"SearchAction","target":{"@type":"EntryPoint","urlTemplate":"https:\/\/www.sluchamhistorii.pl\/?s={search_term_string}"},"query-input":{"@type":"PropertyValueSpecification","valueRequired":true,"valueName":"search_term_string"}}],"inLanguage":"pl-PL"}]}},"_links":{"self":[{"href":"https:\/\/www.sluchamhistorii.pl\/index.php?rest_route=\/wp\/v2\/pages\/21","targetHints":{"allow":["GET"]}}],"collection":[{"href":"https:\/\/www.sluchamhistorii.pl\/index.php?rest_route=\/wp\/v2\/pages"}],"about":[{"href":"https:\/\/www.sluchamhistorii.pl\/index.php?rest_route=\/wp\/v2\/types\/page"}],"author":[{"embeddable":true,"href":"https:\/\/www.sluchamhistorii.pl\/index.php?rest_route=\/wp\/v2\/users\/1"}],"replies":[{"embeddable":true,"href":"https:\/\/www.sluchamhistorii.pl\/index.php?rest_route=%2Fwp%2Fv2%2Fcomments&post=21"}],"version-history":[{"count":7,"href":"https:\/\/www.sluchamhistorii.pl\/index.php?rest_route=\/wp\/v2\/pages\/21\/revisions"}],"predecessor-version":[{"id":118,"href":"https:\/\/www.sluchamhistorii.pl\/index.php?rest_route=\/wp\/v2\/pages\/21\/revisions\/118"}],"wp:attachment":[{"href":"https:\/\/www.sluchamhistorii.pl\/index.php?rest_route=%2Fwp%2Fv2%2Fmedia&parent=21"}],"curies":[{"name":"wp","href":"https:\/\/api.w.org\/{rel}","templated":true}]}}