{"id":2,"date":"2025-03-30T13:46:57","date_gmt":"2025-03-30T13:46:57","guid":{"rendered":"https:\/\/www.sluchamhistorii.pl\/?page_id=2"},"modified":"2025-04-20T20:32:34","modified_gmt":"2025-04-20T20:32:34","slug":"sample-page","status":"publish","type":"page","link":"https:\/\/www.sluchamhistorii.pl\/?page_id=2","title":{"rendered":"O nas"},"content":{"rendered":"\n<h2 class=\"wp-block-heading\"><strong>S\u0142ucham Historii.pl<\/strong><\/h2>\n\n\n\n<h4 class=\"wp-block-heading\"><strong>!S\u0142ucham czego\u015b takiego!<\/strong><\/h4>\n\n\n\n<p><strong>S\u0142ucham Historii<\/strong> to blog do czytania i podcasty do s\u0142uchania dla tych, kt\u00f3rzy chc\u0105 pozna\u0107 s\u0142owa i obrazy zapisane w Historii, Filozofii, Sztuce. Naszym celem jest popularyzowanie wiedzy historycznej, oraz stworzenie dla ka\u017cdego przestrzeni cyfrowej do spotka\u0144 z kultur\u0105 i lud\u017ami. Bo to wa\u017cne, \u017ce to, co kszta\u0142tuje dzi\u015b nasz codzienny wysi\u0142ek wynika z do\u015bwiadczenia historycznego, namys\u0142u i wra\u017cliwo\u015bci.<\/p>\n\n\n\n<p>Pchnij t\u0119 pierwsz\u0105 kostk\u0119 domina i zobacz, co przygotowali\u015bmy, i co si\u0119 wydarzy.<\/p>\n\n\n\n<p>Zapewnimy trening pozytywnej neuroplastyczno\u015bci, czyli Filozofia prosto z Krakowa od Tess &#8211; B\u0142otnej \u017babki.<\/p>\n\n\n\n<p>Zamienili\u015bmy zakurzone ksi\u0105\u017cki na interfejs i WordPress, ale Bibmolk@ nadal ksi\u0105\u017cki czyta, a nawet po\u017cera je w du\u017cych ilo\u015bciach. W lo\u017cy recenzent\u00f3w ma sw\u00f3j sta\u0142y k\u0105cik. Zapraszamy.<\/p>\n\n\n\n<p>\u0141\u0105czy nas Roztocze, kt\u00f3re jest inspiruj\u0105ce jako miejsce spotka\u0144 z przyrod\u0105, histori\u0105 i przede wszystkim z lud\u017ami. W Galerii prezentujemy zdj\u0119cia zar\u00f3wno te profesjonalne &#8211; Katarzyny Soluch, jak i ca\u0142kiem amatorskie. Zdecydowanie Roztocze jest miejscem gdzie dobrze tworz\u0105 si\u0119 Historie i dobrze <strong>S\u0142ucha si\u0119 Historii<\/strong>.<\/p>\n\n\n\n<p>Mamy marzenie, \u017ceby blog i podcasty w <strong>S\u0142ucham Historii<\/strong> was wci\u0105ga\u0142y i aby\u015bcie byli dumni z bycia S\u0142uchaczami Historii.<\/p>\n\n\n\n<p>Autor Renata Pi\u0105tek &amp; company, historyk i od niedawna humanista cyfrowy,<\/p>\n\n\n\n<blockquote class=\"wp-block-quote is-layout-flow wp-block-quote-is-layout-flow\">\n<p>Nasza rzeczywisto\u015b\u0107 to niesko\u0144czona walka mi\u0119dzy tym, co si\u0119 wydarzy\u0142o,a tym, co chcemy zapami\u0119ta\u0107.<\/p>\n<\/blockquote>\n\n\n\n<p>~Haruki Murakami<\/p>\n\n\n\n<p>Kontakt &#8211; kontakt@sluchamhistorii.pl<\/p>\n","protected":false},"excerpt":{"rendered":"<p>S\u0142ucham Historii.pl !S\u0142ucham czego\u015b takiego! S\u0142ucham Historii to blog do czytania i podcasty do s\u0142uchania dla tych, kt\u00f3rzy chc\u0105 pozna\u0107 s\u0142owa i obrazy zapisane w Historii, Filozofii, Sztuce. Naszym celem jest popularyzowanie wiedzy historycznej, oraz stworzenie dla ka\u017cdego przestrzeni cyfrowej do spotka\u0144 z kultur\u0105 i lud\u017ami. Bo to wa\u017cne, \u017ce to, co kszta\u0142tuje dzi\u015b nasz [&hellip;]<\/p>\n","protected":false},"author":1,"featured_media":0,"parent":0,"menu_order":0,"comment_status":"closed","ping_status":"open","template":"","meta":{"footnotes":""},"class_list":["post-2","page","type-page","status-publish","hentry"],"yoast_head":"<!-- This site is optimized with the Yoast SEO plugin v27.4 - https:\/\/yoast.com\/product\/yoast-seo-wordpress\/ -->\n<title>O nas - S\u0142ucham Historii<\/title>\n<meta name=\"robots\" content=\"index, follow, max-snippet:-1, max-image-preview:large, max-video-preview:-1\" \/>\n<link rel=\"canonical\" href=\"https:\/\/www.sluchamhistorii.pl\/?page_id=2\" \/>\n<meta property=\"og:locale\" content=\"pl_PL\" \/>\n<meta property=\"og:type\" content=\"article\" \/>\n<meta property=\"og:title\" content=\"O nas - S\u0142ucham Historii\" \/>\n<meta property=\"og:description\" content=\"S\u0142ucham Historii.pl !S\u0142ucham czego\u015b takiego! S\u0142ucham Historii to blog do czytania i podcasty do s\u0142uchania dla tych, kt\u00f3rzy chc\u0105 pozna\u0107 s\u0142owa i obrazy zapisane w Historii, Filozofii, Sztuce. Naszym celem jest popularyzowanie wiedzy historycznej, oraz stworzenie dla ka\u017cdego przestrzeni cyfrowej do spotka\u0144 z kultur\u0105 i lud\u017ami. Bo to wa\u017cne, \u017ce to, co kszta\u0142tuje dzi\u015b nasz [&hellip;]\" \/>\n<meta property=\"og:url\" content=\"https:\/\/www.sluchamhistorii.pl\/?page_id=2\" \/>\n<meta property=\"og:site_name\" content=\"S\u0142ucham Historii\" \/>\n<meta property=\"article:modified_time\" content=\"2025-04-20T20:32:34+00:00\" \/>\n<meta name=\"twitter:card\" content=\"summary_large_image\" \/>\n<meta name=\"twitter:label1\" content=\"Szacowany czas czytania\" \/>\n\t<meta name=\"twitter:data1\" content=\"2 minuty\" \/>\n<script type=\"application\/ld+json\" class=\"yoast-schema-graph\">{\"@context\":\"https:\\\/\\\/schema.org\",\"@graph\":[{\"@type\":\"WebPage\",\"@id\":\"https:\\\/\\\/www.sluchamhistorii.pl\\\/?page_id=2\",\"url\":\"https:\\\/\\\/www.sluchamhistorii.pl\\\/?page_id=2\",\"name\":\"O nas - S\u0142ucham Historii\",\"isPartOf\":{\"@id\":\"https:\\\/\\\/www.sluchamhistorii.pl\\\/#website\"},\"datePublished\":\"2025-03-30T13:46:57+00:00\",\"dateModified\":\"2025-04-20T20:32:34+00:00\",\"breadcrumb\":{\"@id\":\"https:\\\/\\\/www.sluchamhistorii.pl\\\/?page_id=2#breadcrumb\"},\"inLanguage\":\"pl-PL\",\"potentialAction\":[{\"@type\":\"ReadAction\",\"target\":[\"https:\\\/\\\/www.sluchamhistorii.pl\\\/?page_id=2\"]}]},{\"@type\":\"BreadcrumbList\",\"@id\":\"https:\\\/\\\/www.sluchamhistorii.pl\\\/?page_id=2#breadcrumb\",\"itemListElement\":[{\"@type\":\"ListItem\",\"position\":1,\"name\":\"Strona g\u0142\u00f3wna\",\"item\":\"https:\\\/\\\/www.sluchamhistorii.pl\\\/\"},{\"@type\":\"ListItem\",\"position\":2,\"name\":\"O nas\"}]},{\"@type\":\"WebSite\",\"@id\":\"https:\\\/\\\/www.sluchamhistorii.pl\\\/#website\",\"url\":\"https:\\\/\\\/www.sluchamhistorii.pl\\\/\",\"name\":\"S\u0142ucham Historii\",\"description\":\"Blog historyczny\",\"potentialAction\":[{\"@type\":\"SearchAction\",\"target\":{\"@type\":\"EntryPoint\",\"urlTemplate\":\"https:\\\/\\\/www.sluchamhistorii.pl\\\/?s={search_term_string}\"},\"query-input\":{\"@type\":\"PropertyValueSpecification\",\"valueRequired\":true,\"valueName\":\"search_term_string\"}}],\"inLanguage\":\"pl-PL\"}]}<\/script>\n<!-- \/ Yoast SEO plugin. -->","yoast_head_json":{"title":"O nas - S\u0142ucham Historii","robots":{"index":"index","follow":"follow","max-snippet":"max-snippet:-1","max-image-preview":"max-image-preview:large","max-video-preview":"max-video-preview:-1"},"canonical":"https:\/\/www.sluchamhistorii.pl\/?page_id=2","og_locale":"pl_PL","og_type":"article","og_title":"O nas - S\u0142ucham Historii","og_description":"S\u0142ucham Historii.pl !S\u0142ucham czego\u015b takiego! S\u0142ucham Historii to blog do czytania i podcasty do s\u0142uchania dla tych, kt\u00f3rzy chc\u0105 pozna\u0107 s\u0142owa i obrazy zapisane w Historii, Filozofii, Sztuce. Naszym celem jest popularyzowanie wiedzy historycznej, oraz stworzenie dla ka\u017cdego przestrzeni cyfrowej do spotka\u0144 z kultur\u0105 i lud\u017ami. Bo to wa\u017cne, \u017ce to, co kszta\u0142tuje dzi\u015b nasz [&hellip;]","og_url":"https:\/\/www.sluchamhistorii.pl\/?page_id=2","og_site_name":"S\u0142ucham Historii","article_modified_time":"2025-04-20T20:32:34+00:00","twitter_card":"summary_large_image","twitter_misc":{"Szacowany czas czytania":"2 minuty"},"schema":{"@context":"https:\/\/schema.org","@graph":[{"@type":"WebPage","@id":"https:\/\/www.sluchamhistorii.pl\/?page_id=2","url":"https:\/\/www.sluchamhistorii.pl\/?page_id=2","name":"O nas - S\u0142ucham Historii","isPartOf":{"@id":"https:\/\/www.sluchamhistorii.pl\/#website"},"datePublished":"2025-03-30T13:46:57+00:00","dateModified":"2025-04-20T20:32:34+00:00","breadcrumb":{"@id":"https:\/\/www.sluchamhistorii.pl\/?page_id=2#breadcrumb"},"inLanguage":"pl-PL","potentialAction":[{"@type":"ReadAction","target":["https:\/\/www.sluchamhistorii.pl\/?page_id=2"]}]},{"@type":"BreadcrumbList","@id":"https:\/\/www.sluchamhistorii.pl\/?page_id=2#breadcrumb","itemListElement":[{"@type":"ListItem","position":1,"name":"Strona g\u0142\u00f3wna","item":"https:\/\/www.sluchamhistorii.pl\/"},{"@type":"ListItem","position":2,"name":"O nas"}]},{"@type":"WebSite","@id":"https:\/\/www.sluchamhistorii.pl\/#website","url":"https:\/\/www.sluchamhistorii.pl\/","name":"S\u0142ucham Historii","description":"Blog historyczny","potentialAction":[{"@type":"SearchAction","target":{"@type":"EntryPoint","urlTemplate":"https:\/\/www.sluchamhistorii.pl\/?s={search_term_string}"},"query-input":{"@type":"PropertyValueSpecification","valueRequired":true,"valueName":"search_term_string"}}],"inLanguage":"pl-PL"}]}},"_links":{"self":[{"href":"https:\/\/www.sluchamhistorii.pl\/index.php?rest_route=\/wp\/v2\/pages\/2","targetHints":{"allow":["GET"]}}],"collection":[{"href":"https:\/\/www.sluchamhistorii.pl\/index.php?rest_route=\/wp\/v2\/pages"}],"about":[{"href":"https:\/\/www.sluchamhistorii.pl\/index.php?rest_route=\/wp\/v2\/types\/page"}],"author":[{"embeddable":true,"href":"https:\/\/www.sluchamhistorii.pl\/index.php?rest_route=\/wp\/v2\/users\/1"}],"replies":[{"embeddable":true,"href":"https:\/\/www.sluchamhistorii.pl\/index.php?rest_route=%2Fwp%2Fv2%2Fcomments&post=2"}],"version-history":[{"count":4,"href":"https:\/\/www.sluchamhistorii.pl\/index.php?rest_route=\/wp\/v2\/pages\/2\/revisions"}],"predecessor-version":[{"id":72,"href":"https:\/\/www.sluchamhistorii.pl\/index.php?rest_route=\/wp\/v2\/pages\/2\/revisions\/72"}],"wp:attachment":[{"href":"https:\/\/www.sluchamhistorii.pl\/index.php?rest_route=%2Fwp%2Fv2%2Fmedia&parent=2"}],"curies":[{"name":"wp","href":"https:\/\/api.w.org\/{rel}","templated":true}]}}