{"id":16,"date":"2025-04-20T17:40:34","date_gmt":"2025-04-20T17:40:34","guid":{"rendered":"https:\/\/www.sluchamhistorii.pl\/?page_id=16"},"modified":"2025-06-13T22:18:33","modified_gmt":"2025-06-13T22:18:33","slug":"sample-2","status":"publish","type":"page","link":"https:\/\/www.sluchamhistorii.pl\/?page_id=16","title":{"rendered":"Lo\u017ca Recenzent\u00f3w"},"content":{"rendered":"\n<figure class=\"wp-block-embed is-type-wp-embed is-provider-s-ucham-historii wp-block-embed-s-ucham-historii\"><div class=\"wp-block-embed__wrapper\">\n<blockquote class=\"wp-embedded-content\" data-secret=\"BJJMyxMynp\"><a href=\"https:\/\/www.sluchamhistorii.pl\/?p=76\">ANNA JANKO \u201eMA\u0141A ZAG\u0141ADA\u201d &#8211; HO\u0141D Z\u0141O\u017bONY PAMI\u0118CI \u2013 TEJ OSOBISTEJ, RODZINNEJ I NARODOWEJ.<\/a><\/blockquote><iframe loading=\"lazy\" class=\"wp-embedded-content\" sandbox=\"allow-scripts\" security=\"restricted\" style=\"position: absolute; visibility: hidden;\" title=\"&#8222;ANNA JANKO \u201eMA\u0141A ZAG\u0141ADA\u201d &#8211; HO\u0141D Z\u0141O\u017bONY PAMI\u0118CI \u2013 TEJ OSOBISTEJ, RODZINNEJ I NARODOWEJ.&#8221; &#8212; S\u0142ucham Historii\" src=\"https:\/\/www.sluchamhistorii.pl\/?p=76&#038;embed=true#?secret=MbOoZk1PqZ#?secret=BJJMyxMynp\" data-secret=\"BJJMyxMynp\" width=\"600\" height=\"338\" frameborder=\"0\" marginwidth=\"0\" marginheight=\"0\" scrolling=\"no\"><\/iframe>\n<\/div><\/figure>\n\n\n\n<figure class=\"wp-block-embed is-type-wp-embed is-provider-s-ucham-historii wp-block-embed-s-ucham-historii\"><div class=\"wp-block-embed__wrapper\">\n<blockquote class=\"wp-embedded-content\" data-secret=\"LbAGMw4Gi6\"><a href=\"https:\/\/www.sluchamhistorii.pl\/?p=50\">BIBMOLK@ PRZY KSI\u0104\u017bCE I HERBATCE<\/a><\/blockquote><iframe loading=\"lazy\" class=\"wp-embedded-content\" sandbox=\"allow-scripts\" security=\"restricted\" style=\"position: absolute; visibility: hidden;\" title=\"&#8222;BIBMOLK@ PRZY KSI\u0104\u017bCE I HERBATCE&#8221; &#8212; S\u0142ucham Historii\" src=\"https:\/\/www.sluchamhistorii.pl\/?p=50&#038;embed=true#?secret=XdlCSNCD8R#?secret=LbAGMw4Gi6\" data-secret=\"LbAGMw4Gi6\" width=\"600\" height=\"338\" frameborder=\"0\" marginwidth=\"0\" marginheight=\"0\" scrolling=\"no\"><\/iframe>\n<\/div><\/figure>\n","protected":false},"excerpt":{"rendered":"","protected":false},"author":1,"featured_media":0,"parent":0,"menu_order":0,"comment_status":"closed","ping_status":"closed","template":"","meta":{"footnotes":""},"class_list":["post-16","page","type-page","status-publish","hentry"],"yoast_head":"<!-- This site is optimized with the Yoast SEO plugin v27.4 - https:\/\/yoast.com\/product\/yoast-seo-wordpress\/ -->\n<title>Lo\u017ca Recenzent\u00f3w - S\u0142ucham Historii<\/title>\n<meta name=\"robots\" content=\"index, follow, max-snippet:-1, max-image-preview:large, max-video-preview:-1\" \/>\n<link rel=\"canonical\" href=\"https:\/\/www.sluchamhistorii.pl\/?page_id=16\" \/>\n<meta property=\"og:locale\" content=\"pl_PL\" \/>\n<meta property=\"og:type\" content=\"article\" \/>\n<meta property=\"og:title\" content=\"Lo\u017ca Recenzent\u00f3w - S\u0142ucham Historii\" \/>\n<meta property=\"og:url\" content=\"https:\/\/www.sluchamhistorii.pl\/?page_id=16\" \/>\n<meta property=\"og:site_name\" content=\"S\u0142ucham Historii\" \/>\n<meta property=\"article:modified_time\" content=\"2025-06-13T22:18:33+00:00\" \/>\n<meta name=\"twitter:card\" content=\"summary_large_image\" \/>\n<meta name=\"twitter:label1\" content=\"Szacowany czas czytania\" \/>\n\t<meta name=\"twitter:data1\" content=\"1 minuta\" \/>\n<script type=\"application\/ld+json\" class=\"yoast-schema-graph\">{\"@context\":\"https:\\\/\\\/schema.org\",\"@graph\":[{\"@type\":\"WebPage\",\"@id\":\"https:\\\/\\\/www.sluchamhistorii.pl\\\/?page_id=16\",\"url\":\"https:\\\/\\\/www.sluchamhistorii.pl\\\/?page_id=16\",\"name\":\"Lo\u017ca Recenzent\u00f3w - S\u0142ucham Historii\",\"isPartOf\":{\"@id\":\"https:\\\/\\\/www.sluchamhistorii.pl\\\/#website\"},\"datePublished\":\"2025-04-20T17:40:34+00:00\",\"dateModified\":\"2025-06-13T22:18:33+00:00\",\"breadcrumb\":{\"@id\":\"https:\\\/\\\/www.sluchamhistorii.pl\\\/?page_id=16#breadcrumb\"},\"inLanguage\":\"pl-PL\",\"potentialAction\":[{\"@type\":\"ReadAction\",\"target\":[\"https:\\\/\\\/www.sluchamhistorii.pl\\\/?page_id=16\"]}]},{\"@type\":\"BreadcrumbList\",\"@id\":\"https:\\\/\\\/www.sluchamhistorii.pl\\\/?page_id=16#breadcrumb\",\"itemListElement\":[{\"@type\":\"ListItem\",\"position\":1,\"name\":\"Strona g\u0142\u00f3wna\",\"item\":\"https:\\\/\\\/www.sluchamhistorii.pl\\\/\"},{\"@type\":\"ListItem\",\"position\":2,\"name\":\"Lo\u017ca Recenzent\u00f3w\"}]},{\"@type\":\"WebSite\",\"@id\":\"https:\\\/\\\/www.sluchamhistorii.pl\\\/#website\",\"url\":\"https:\\\/\\\/www.sluchamhistorii.pl\\\/\",\"name\":\"S\u0142ucham Historii\",\"description\":\"Blog historyczny\",\"potentialAction\":[{\"@type\":\"SearchAction\",\"target\":{\"@type\":\"EntryPoint\",\"urlTemplate\":\"https:\\\/\\\/www.sluchamhistorii.pl\\\/?s={search_term_string}\"},\"query-input\":{\"@type\":\"PropertyValueSpecification\",\"valueRequired\":true,\"valueName\":\"search_term_string\"}}],\"inLanguage\":\"pl-PL\"}]}<\/script>\n<!-- \/ Yoast SEO plugin. -->","yoast_head_json":{"title":"Lo\u017ca Recenzent\u00f3w - S\u0142ucham Historii","robots":{"index":"index","follow":"follow","max-snippet":"max-snippet:-1","max-image-preview":"max-image-preview:large","max-video-preview":"max-video-preview:-1"},"canonical":"https:\/\/www.sluchamhistorii.pl\/?page_id=16","og_locale":"pl_PL","og_type":"article","og_title":"Lo\u017ca Recenzent\u00f3w - S\u0142ucham Historii","og_url":"https:\/\/www.sluchamhistorii.pl\/?page_id=16","og_site_name":"S\u0142ucham Historii","article_modified_time":"2025-06-13T22:18:33+00:00","twitter_card":"summary_large_image","twitter_misc":{"Szacowany czas czytania":"1 minuta"},"schema":{"@context":"https:\/\/schema.org","@graph":[{"@type":"WebPage","@id":"https:\/\/www.sluchamhistorii.pl\/?page_id=16","url":"https:\/\/www.sluchamhistorii.pl\/?page_id=16","name":"Lo\u017ca Recenzent\u00f3w - S\u0142ucham Historii","isPartOf":{"@id":"https:\/\/www.sluchamhistorii.pl\/#website"},"datePublished":"2025-04-20T17:40:34+00:00","dateModified":"2025-06-13T22:18:33+00:00","breadcrumb":{"@id":"https:\/\/www.sluchamhistorii.pl\/?page_id=16#breadcrumb"},"inLanguage":"pl-PL","potentialAction":[{"@type":"ReadAction","target":["https:\/\/www.sluchamhistorii.pl\/?page_id=16"]}]},{"@type":"BreadcrumbList","@id":"https:\/\/www.sluchamhistorii.pl\/?page_id=16#breadcrumb","itemListElement":[{"@type":"ListItem","position":1,"name":"Strona g\u0142\u00f3wna","item":"https:\/\/www.sluchamhistorii.pl\/"},{"@type":"ListItem","position":2,"name":"Lo\u017ca Recenzent\u00f3w"}]},{"@type":"WebSite","@id":"https:\/\/www.sluchamhistorii.pl\/#website","url":"https:\/\/www.sluchamhistorii.pl\/","name":"S\u0142ucham Historii","description":"Blog historyczny","potentialAction":[{"@type":"SearchAction","target":{"@type":"EntryPoint","urlTemplate":"https:\/\/www.sluchamhistorii.pl\/?s={search_term_string}"},"query-input":{"@type":"PropertyValueSpecification","valueRequired":true,"valueName":"search_term_string"}}],"inLanguage":"pl-PL"}]}},"_links":{"self":[{"href":"https:\/\/www.sluchamhistorii.pl\/index.php?rest_route=\/wp\/v2\/pages\/16","targetHints":{"allow":["GET"]}}],"collection":[{"href":"https:\/\/www.sluchamhistorii.pl\/index.php?rest_route=\/wp\/v2\/pages"}],"about":[{"href":"https:\/\/www.sluchamhistorii.pl\/index.php?rest_route=\/wp\/v2\/types\/page"}],"author":[{"embeddable":true,"href":"https:\/\/www.sluchamhistorii.pl\/index.php?rest_route=\/wp\/v2\/users\/1"}],"replies":[{"embeddable":true,"href":"https:\/\/www.sluchamhistorii.pl\/index.php?rest_route=%2Fwp%2Fv2%2Fcomments&post=16"}],"version-history":[{"count":5,"href":"https:\/\/www.sluchamhistorii.pl\/index.php?rest_route=\/wp\/v2\/pages\/16\/revisions"}],"predecessor-version":[{"id":82,"href":"https:\/\/www.sluchamhistorii.pl\/index.php?rest_route=\/wp\/v2\/pages\/16\/revisions\/82"}],"wp:attachment":[{"href":"https:\/\/www.sluchamhistorii.pl\/index.php?rest_route=%2Fwp%2Fv2%2Fmedia&parent=16"}],"curies":[{"name":"wp","href":"https:\/\/api.w.org\/{rel}","templated":true}]}}